{"id":8390,"date":"2016-12-02T22:51:13","date_gmt":"2016-12-02T21:51:13","guid":{"rendered":"http:\/\/www.lo.internetdsl.pl\/?page_id=8390"},"modified":"2016-12-11T19:24:32","modified_gmt":"2016-12-11T18:24:32","slug":"sport-is-not-only-football","status":"publish","type":"page","link":"https:\/\/www.lo.internetdsl.pl\/?page_id=8390","title":{"rendered":"Sport is not only football"},"content":{"rendered":"<p>&#8222;Sport is not only football&#8221; to tytu\u0142 projektu realizowanego w I LO w ramach programu Erasmus+ w latach 2015-2017. Partnerami naszej szko\u0142y s\u0105 uczestnicy z Turcji, Rumunii, Bu\u0142garii i \u0141otwy.<\/p>\n<p>Nr projektu <strong>2015-1-TR01-KA219-022382_5<\/strong><\/p>\n\n<p>Zadania realizowane w ramach projektu skupiaj\u0105 si\u0119 na rozpowszechnianiu zdrowego stylu \u017cycia poprzez odpowiedni\u0105 diet\u0119 oraz sport. Chcemy zach\u0119ci\u0107 wszystkich uczni\u00f3w, nauczycieli i rodzic\u00f3w do uprawiania r\u00f3\u017cnych dyscyplin sportowych.<\/p>\n<p>&nbsp;<\/p>\n","protected":false},"excerpt":{"rendered":"<p>&#8222;Sport is not only football&#8221; to tytu\u0142 projektu realizowanego w I LO w ramach programu Erasmus+ w latach 2015-2017. Partnerami naszej szko\u0142y s\u0105 uczestnicy z Turcji, Rumunii, Bu\u0142garii i \u0141otwy. &hellip; <a href=\"https:\/\/www.lo.internetdsl.pl\/?page_id=8390\" class=\"more-link\">Read More<\/a><\/p>\n","protected":false},"author":2,"featured_media":0,"parent":0,"menu_order":0,"comment_status":"closed","ping_status":"closed","template":"","meta":{"ngg_post_thumbnail":0},"_links":{"self":[{"href":"https:\/\/www.lo.internetdsl.pl\/index.php?rest_route=\/wp\/v2\/pages\/8390"}],"collection":[{"href":"https:\/\/www.lo.internetdsl.pl\/index.php?rest_route=\/wp\/v2\/pages"}],"about":[{"href":"https:\/\/www.lo.internetdsl.pl\/index.php?rest_route=\/wp\/v2\/types\/page"}],"author":[{"embeddable":true,"href":"https:\/\/www.lo.internetdsl.pl\/index.php?rest_route=\/wp\/v2\/users\/2"}],"replies":[{"embeddable":true,"href":"https:\/\/www.lo.internetdsl.pl\/index.php?rest_route=%2Fwp%2Fv2%2Fcomments&post=8390"}],"version-history":[{"count":0,"href":"https:\/\/www.lo.internetdsl.pl\/index.php?rest_route=\/wp\/v2\/pages\/8390\/revisions"}],"wp:attachment":[{"href":"https:\/\/www.lo.internetdsl.pl\/index.php?rest_route=%2Fwp%2Fv2%2Fmedia&parent=8390"}],"curies":[{"name":"wp","href":"https:\/\/api.w.org\/{rel}","templated":true}]}}