{"id":5637,"date":"2015-11-01T19:19:04","date_gmt":"2015-11-01T18:19:04","guid":{"rendered":"http:\/\/www.lo.internetdsl.pl\/?page_id=5637"},"modified":"2016-03-29T00:21:59","modified_gmt":"2016-03-28T22:21:59","slug":"translators-team","status":"publish","type":"page","link":"https:\/\/www.lo.internetdsl.pl\/?page_id=5637","title":{"rendered":"Translators Team"},"content":{"rendered":"<h1 style=\"text-align: center;\"><strong><span style=\"color: #ff0000;\">RED BRICK<\/span> SCHOOL Translators TEAM:<\/strong><\/h1>\n<h2 style=\"text-align: center;\"><span style=\"color: #333333;\"><strong>Karol Bunikowski (3a)<\/strong><\/span><\/h2>\n<h2 style=\"text-align: center;\"><span style=\"color: #333333;\"><strong>Fabian Dietrich (3a)<\/strong><\/span><\/h2>\n<h2 style=\"text-align: center;\"><span style=\"color: #333333;\"><strong>Weronika Leszka (3f)<\/strong><\/span><\/h2>\n<h2 style=\"text-align: center;\"><span style=\"color: #333333;\"><strong>Sara Sumczy\u0144ska (2d)<\/strong><\/span><\/h2>\n<h2 style=\"text-align: center;\"><span style=\"color: #333333;\"><strong>Mateusz Ko\u0142akowski (2b)<\/strong><\/span><\/h2>\n<h2 style=\"text-align: center;\"><strong>Wiktor Zaj\u0105c (2a)<\/strong><\/h2>\n<h2 style=\"text-align: center;\"><strong>Aleksandra Zag\u00f3rska (1F)<\/strong><\/h2>\n","protected":false},"excerpt":{"rendered":"<p>RED BRICK SCHOOL Translators TEAM: Karol Bunikowski (3a) Fabian Dietrich (3a) Weronika Leszka (3f) Sara Sumczy\u0144ska (2d) Mateusz Ko\u0142akowski (2b) Wiktor Zaj\u0105c (2a) Aleksandra Zag\u00f3rska (1F)<\/p>\n","protected":false},"author":2,"featured_media":0,"parent":0,"menu_order":0,"comment_status":"closed","ping_status":"closed","template":"","meta":{"ngg_post_thumbnail":0},"_links":{"self":[{"href":"https:\/\/www.lo.internetdsl.pl\/index.php?rest_route=\/wp\/v2\/pages\/5637"}],"collection":[{"href":"https:\/\/www.lo.internetdsl.pl\/index.php?rest_route=\/wp\/v2\/pages"}],"about":[{"href":"https:\/\/www.lo.internetdsl.pl\/index.php?rest_route=\/wp\/v2\/types\/page"}],"author":[{"embeddable":true,"href":"https:\/\/www.lo.internetdsl.pl\/index.php?rest_route=\/wp\/v2\/users\/2"}],"replies":[{"embeddable":true,"href":"https:\/\/www.lo.internetdsl.pl\/index.php?rest_route=%2Fwp%2Fv2%2Fcomments&post=5637"}],"version-history":[{"count":0,"href":"https:\/\/www.lo.internetdsl.pl\/index.php?rest_route=\/wp\/v2\/pages\/5637\/revisions"}],"wp:attachment":[{"href":"https:\/\/www.lo.internetdsl.pl\/index.php?rest_route=%2Fwp%2Fv2%2Fmedia&parent=5637"}],"curies":[{"name":"wp","href":"https:\/\/api.w.org\/{rel}","templated":true}]}}