{"id":5447,"date":"2015-09-28T11:04:31","date_gmt":"2015-09-28T09:04:31","guid":{"rendered":"http:\/\/www.lo.internetdsl.pl\/?page_id=5447"},"modified":"2015-11-01T19:11:30","modified_gmt":"2015-11-01T18:11:30","slug":"student-board","status":"publish","type":"page","link":"https:\/\/www.lo.internetdsl.pl\/?page_id=5447","title":{"rendered":"Student Board"},"content":{"rendered":"<p><center><big><strong>Marta Ga\u0142ecka (3d)<\/strong><\/big><br \/>\n<small><em>PRESIDENT<\/em><\/small><\/center><\/p>\n<p style=\"text-align: center;\"><big><strong>Iga Bieli\u0144ska (3d)<\/strong><\/big><br \/>\n<small><em>DEPUTY PRESIDENT<br \/>\n<\/em><\/small><\/p>\n<p style=\"text-align: center;\"><big><strong>Krzysztof D\u0105browski (2e)<\/strong><\/big><br \/>\n<small><em>ADVOCATE FOR STUDENTS<br \/>\n<\/em><\/small><\/p>\n<p style=\"text-align: center;\"><big><strong>Natalia Lachutta (2d)<\/strong><\/big><br \/>\n<small><em>TREASURER<\/em><\/small><\/p>\n<p style=\"text-align: center;\"><big><strong>Joanna Pawe\u0142ek (3e)<\/strong><\/big><br \/>\n<small><em>SECRETARY<\/em><\/small><\/p>\n<p style=\"text-align: center;\"><big><strong>B\u0142a\u017cej Tor\u0142op (2b)<br \/>\n<\/strong><\/big><\/p>\n<p style=\"text-align: center;\"><big><strong>Wiktoria Badzioch (2d)<br \/>\n<\/strong><\/big><\/p>\n<p style=\"text-align: center;\"><big><strong>Natalia Latoszewska (2b)<br \/>\n<\/strong><\/big><\/p>\n<p style=\"text-align: center;\"><big><strong>Marta Rogala (3d)<br \/>\n<\/strong><\/big><\/p>\n<p style=\"text-align: center;\"><big><strong>Paulina Gdaniec (2c)<br \/>\n<\/strong><\/big><\/p>\n<p style=\"text-align: center;\">\u00a0<small><em>MEMBERS<\/em><\/small><\/p>\n<p style=\"text-align: left;\">\n","protected":false},"excerpt":{"rendered":"<p>Marta Ga\u0142ecka (3d) PRESIDENT Iga Bieli\u0144ska (3d) DEPUTY PRESIDENT Krzysztof D\u0105browski (2e) ADVOCATE FOR STUDENTS Natalia Lachutta (2d) TREASURER Joanna Pawe\u0142ek (3e) SECRETARY B\u0142a\u017cej Tor\u0142op (2b) Wiktoria Badzioch (2d) Natalia &hellip; <a href=\"https:\/\/www.lo.internetdsl.pl\/?page_id=5447\" class=\"more-link\">Read More<\/a><\/p>\n","protected":false},"author":2,"featured_media":0,"parent":0,"menu_order":0,"comment_status":"closed","ping_status":"closed","template":"","meta":{"ngg_post_thumbnail":0},"_links":{"self":[{"href":"https:\/\/www.lo.internetdsl.pl\/index.php?rest_route=\/wp\/v2\/pages\/5447"}],"collection":[{"href":"https:\/\/www.lo.internetdsl.pl\/index.php?rest_route=\/wp\/v2\/pages"}],"about":[{"href":"https:\/\/www.lo.internetdsl.pl\/index.php?rest_route=\/wp\/v2\/types\/page"}],"author":[{"embeddable":true,"href":"https:\/\/www.lo.internetdsl.pl\/index.php?rest_route=\/wp\/v2\/users\/2"}],"replies":[{"embeddable":true,"href":"https:\/\/www.lo.internetdsl.pl\/index.php?rest_route=%2Fwp%2Fv2%2Fcomments&post=5447"}],"version-history":[{"count":0,"href":"https:\/\/www.lo.internetdsl.pl\/index.php?rest_route=\/wp\/v2\/pages\/5447\/revisions"}],"wp:attachment":[{"href":"https:\/\/www.lo.internetdsl.pl\/index.php?rest_route=%2Fwp%2Fv2%2Fmedia&parent=5447"}],"curies":[{"name":"wp","href":"https:\/\/api.w.org\/{rel}","templated":true}]}}