{"id":5300,"date":"2015-09-17T21:59:26","date_gmt":"2015-09-17T19:59:26","guid":{"rendered":"http:\/\/www.lo.internetdsl.pl\/?page_id=5300"},"modified":"2025-09-07T18:09:06","modified_gmt":"2025-09-07T16:09:06","slug":"przedmiotowe-systemy-oceniania","status":"publish","type":"page","link":"https:\/\/www.lo.internetdsl.pl\/?page_id=5300","title":{"rendered":"Przedmiotowe Zasady Oceniania"},"content":{"rendered":"<ul>\n<li><a href=\"https:\/\/www.lo.internetdsl.pl\/dokumenty\/pzo\/biol.pdf\">Biologia<\/a><\/li>\n<li><a href=\"https:\/\/www.lo.internetdsl.pl\/dokumenty\/pzo\/biz.pdf\">Biznes i zarz\u0105dzanie<\/a><\/li>\n<li><a href=\"https:\/\/www.lo.internetdsl.pl\/dokumenty\/pzo\/chem.pdf\">Chemia<\/a><\/li>\n<li><a href=\"https:\/\/www.lo.internetdsl.pl\/dokumenty\/pzo\/edb.pdf\">Edukacja dla bezpiecze\u0144stwa<\/a><\/li>\n<li><a href=\"https:\/\/www.lo.internetdsl.pl\/dokumenty\/pzo\/fiz.pdf\">Fizyka<\/a><\/li>\n<li><a href=\"https:\/\/www.lo.internetdsl.pl\/dokumenty\/pzo\/geo.pdf\" data-wplink-edit=\"true\">Geografia<\/a><\/li>\n<li><a href=\"https:\/\/www.lo.internetdsl.pl\/dokumenty\/pzo\/histedu.pdf\" data-wplink-edit=\"true\">Historia, Edukacja obywatelska<\/a><\/li>\n<li><a href=\"https:\/\/www.lo.internetdsl.pl\/dokumenty\/pzo\/info.pdf\">Informatyka<\/a><\/li>\n<li><a href=\"https:\/\/www.lo.internetdsl.pl\/dokumenty\/pzo\/ang.pdf\">J\u0119zyk angielski<\/a><\/li>\n<li><a href=\"https:\/\/www.lo.internetdsl.pl\/dokumenty\/pzo\/niemfrahisz.pdf\">J\u0119zyki niemiecki, francuski, hiszpa\u0144ski<\/a><\/li>\n<li><a href=\"https:\/\/www.lo.internetdsl.pl\/dokumenty\/pzo\/pol.pdf\">J\u0119zyk polski<\/a><\/li>\n<li><a href=\"https:\/\/www.lo.internetdsl.pl\/dokumenty\/pzo\/mat.pdf\">Matematyka<\/a><\/li>\n<li><a href=\"https:\/\/www.lo.internetdsl.pl\/dokumenty\/pzo\/plast.pdf\">Plastyka<\/a><\/li>\n<li><a href=\"https:\/\/www.lo.internetdsl.pl\/dokumenty\/pzo\/pp.pdf\">Podstawy przedsi\u0119biorczo\u015bci<\/a><\/li>\n<li><a href=\"https:\/\/www.lo.internetdsl.pl\/dokumenty\/pzo\/rel.pdf\">Religia<\/a><\/li>\n<li><a href=\"https:\/\/www.lo.internetdsl.pl\/dokumenty\/pzo\/wf.pdf\">Wychowanie fizyczne<\/a><\/li>\n<\/ul>\n","protected":false},"excerpt":{"rendered":"<p>Biologia Biznes i zarz\u0105dzanie Chemia Edukacja dla bezpiecze\u0144stwa Fizyka Geografia Historia, Edukacja obywatelska Informatyka J\u0119zyk angielski J\u0119zyki niemiecki, francuski, hiszpa\u0144ski J\u0119zyk polski Matematyka Plastyka Podstawy przedsi\u0119biorczo\u015bci Religia Wychowanie fizyczne<\/p>\n","protected":false},"author":1,"featured_media":0,"parent":0,"menu_order":0,"comment_status":"closed","ping_status":"closed","template":"","meta":{"ngg_post_thumbnail":0},"_links":{"self":[{"href":"https:\/\/www.lo.internetdsl.pl\/index.php?rest_route=\/wp\/v2\/pages\/5300"}],"collection":[{"href":"https:\/\/www.lo.internetdsl.pl\/index.php?rest_route=\/wp\/v2\/pages"}],"about":[{"href":"https:\/\/www.lo.internetdsl.pl\/index.php?rest_route=\/wp\/v2\/types\/page"}],"author":[{"embeddable":true,"href":"https:\/\/www.lo.internetdsl.pl\/index.php?rest_route=\/wp\/v2\/users\/1"}],"replies":[{"embeddable":true,"href":"https:\/\/www.lo.internetdsl.pl\/index.php?rest_route=%2Fwp%2Fv2%2Fcomments&post=5300"}],"version-history":[{"count":0,"href":"https:\/\/www.lo.internetdsl.pl\/index.php?rest_route=\/wp\/v2\/pages\/5300\/revisions"}],"wp:attachment":[{"href":"https:\/\/www.lo.internetdsl.pl\/index.php?rest_route=%2Fwp%2Fv2%2Fmedia&parent=5300"}],"curies":[{"name":"wp","href":"https:\/\/api.w.org\/{rel}","templated":true}]}}