{"id":49,"date":"2012-10-01T20:37:32","date_gmt":"2012-10-01T18:37:32","guid":{"rendered":"http:\/\/www.lo.internetdsl.pl\/?page_id=49"},"modified":"2012-10-04T22:20:06","modified_gmt":"2012-10-04T20:20:06","slug":"regulamin","status":"publish","type":"page","link":"https:\/\/www.lo.internetdsl.pl\/?page_id=49","title":{"rendered":"Regulamin"},"content":{"rendered":"<ol>\n<li>Z biblioteki szkolnej mog\u0105 korzysta\u0107 tylko uczniowie ZSO.<\/li>\n<li>Zbiory udost\u0119pniane s\u0105 od wrze\u015bnia do ko\u0144ca maja. Nieoddanie ksi\u0105\u017cek wypo\u017cyczonych w ubieg\u0142ym roku szkolnym powoduje zawieszenie korzystania z wypo\u017cycze\u0144.<\/li>\n<li>Czytelnik jednorazowo mo\u017ce wypo\u017cyczy\u0107 3 ksi\u0105\u017cki na okres trzech tygodni. Przed up\u0142ywem terminu zwrotu czytelnik ma prawo przed\u0142u\u017cy\u0107 wypo\u017cyczenie na nast\u0119pne dwa tygodnie.<\/li>\n<li>Przed wypo\u017cyczeniem ucze\u0144 powinien zwr\u00f3ci\u0107 uwag\u0119 na stan techniczny ksi\u0105\u017cki.<\/li>\n<li>Wypo\u017cyczenie ksi\u0105\u017cki odbywa si\u0119 za okazaniem karty bibliotecznej.<\/li>\n<li>Czytelnik odpowiada za zniszczenie i uszkodzenie wypo\u017cyczonych ksi\u0105\u017cek.<\/li>\n<li>Czytelnik zobowi\u0105zany jest odkupi\u0107 zagubion\u0105 ksi\u0105\u017ck\u0119.<\/li>\n<li>Zabrania si\u0119 spo\u017cywania posi\u0142k\u00f3w na terenie biblioteki.<\/li>\n<li>W bibliotece obowi\u0105zuje cisza.<\/li>\n<\/ol>\n","protected":false},"excerpt":{"rendered":"<p>Z biblioteki szkolnej mog\u0105 korzysta\u0107 tylko uczniowie ZSO. Zbiory udost\u0119pniane s\u0105 od wrze\u015bnia do ko\u0144ca maja. Nieoddanie ksi\u0105\u017cek wypo\u017cyczonych w ubieg\u0142ym roku szkolnym powoduje zawieszenie korzystania z wypo\u017cycze\u0144. Czytelnik jednorazowo &hellip; <a href=\"https:\/\/www.lo.internetdsl.pl\/?page_id=49\" class=\"more-link\">Read More<\/a><\/p>\n","protected":false},"author":1,"featured_media":0,"parent":0,"menu_order":0,"comment_status":"open","ping_status":"open","template":"","meta":{"ngg_post_thumbnail":0},"_links":{"self":[{"href":"https:\/\/www.lo.internetdsl.pl\/index.php?rest_route=\/wp\/v2\/pages\/49"}],"collection":[{"href":"https:\/\/www.lo.internetdsl.pl\/index.php?rest_route=\/wp\/v2\/pages"}],"about":[{"href":"https:\/\/www.lo.internetdsl.pl\/index.php?rest_route=\/wp\/v2\/types\/page"}],"author":[{"embeddable":true,"href":"https:\/\/www.lo.internetdsl.pl\/index.php?rest_route=\/wp\/v2\/users\/1"}],"replies":[{"embeddable":true,"href":"https:\/\/www.lo.internetdsl.pl\/index.php?rest_route=%2Fwp%2Fv2%2Fcomments&post=49"}],"version-history":[{"count":0,"href":"https:\/\/www.lo.internetdsl.pl\/index.php?rest_route=\/wp\/v2\/pages\/49\/revisions"}],"wp:attachment":[{"href":"https:\/\/www.lo.internetdsl.pl\/index.php?rest_route=%2Fwp%2Fv2%2Fmedia&parent=49"}],"curies":[{"name":"wp","href":"https:\/\/api.w.org\/{rel}","templated":true}]}}