{"id":47,"date":"2012-10-01T20:37:16","date_gmt":"2012-10-01T18:37:16","guid":{"rendered":"http:\/\/www.lo.internetdsl.pl\/?page_id=47"},"modified":"2024-09-18T23:34:57","modified_gmt":"2024-09-18T21:34:57","slug":"o-bibliotece","status":"publish","type":"page","link":"https:\/\/www.lo.internetdsl.pl\/?page_id=47","title":{"rendered":"O bibliotece"},"content":{"rendered":"<h2>Godziny otwarcia biblioteki<\/h2>\n<p><a href=\"https:\/\/www.lo.internetdsl.pl\/wp-content\/uploads\/bib.jpg\" rel=\"lightbox[47]\"><img loading=\"lazy\" class=\"aligncenter size-full wp-image-20093\" src=\"https:\/\/www.lo.internetdsl.pl\/wp-content\/uploads\/bib.jpg\" alt=\"\" width=\"532\" height=\"948\" srcset=\"https:\/\/www.lo.internetdsl.pl\/wp-content\/uploads\/bib.jpg 532w, https:\/\/www.lo.internetdsl.pl\/wp-content\/uploads\/bib-168x300.jpg 168w\" sizes=\"(max-width: 532px) 100vw, 532px\" \/><\/a><\/p>\n<h2>O bibliotece<\/h2>\n<p style=\"text-align: justify;\">Biblioteka szkolna mie\u015bci si\u0119 za boiskiem szkolnym, w budynku dobudowanym do sali gimnastycznej. Ksi\u0119gozbi\u00f3r biblioteki liczy oko\u0142o 25500 ksi\u0105\u017cek. W zbiorach dominuj\u0105 lektury szkolne, literatura pi\u0119kna oraz beletrystyka. Szeroko rozbudowane s\u0105 tak\u017ce dzia\u0142y literatury i j\u0119zykoznawstwa, biologii, historii, geografii, fizyki, chemii.<\/p>\n<p style=\"text-align: justify;\">Czytelnia natomiast znajduje si\u0119 w szkole na pierwszym pi\u0119trze. W czytelni znajduje si\u0119 osiem stanowisk komputerowych wyposa\u017conych w dost\u0119p do Internetu, z kt\u00f3rego uczniowie mog\u0105 korzysta\u0107 w celach edukacyjnych. Do dyspozycji uczni\u00f3w jest tak\u017ce skaner, drukarka i kopiarka. W czytelni te\u017c mo\u017cna korzysta\u0107 z ksi\u0119gozbioru podr\u0119cznego (encyklopedie, s\u0142owniki, leksykony, czasopisma).<\/p>\n","protected":false},"excerpt":{"rendered":"<p>Godziny otwarcia biblioteki O bibliotece Biblioteka szkolna mie\u015bci si\u0119 za boiskiem szkolnym, w budynku dobudowanym do sali gimnastycznej. Ksi\u0119gozbi\u00f3r biblioteki liczy oko\u0142o 25500 ksi\u0105\u017cek. W zbiorach dominuj\u0105 lektury szkolne, literatura &hellip; <a href=\"https:\/\/www.lo.internetdsl.pl\/?page_id=47\" class=\"more-link\">Read More<\/a><\/p>\n","protected":false},"author":1,"featured_media":0,"parent":0,"menu_order":0,"comment_status":"open","ping_status":"open","template":"","meta":{"ngg_post_thumbnail":0},"_links":{"self":[{"href":"https:\/\/www.lo.internetdsl.pl\/index.php?rest_route=\/wp\/v2\/pages\/47"}],"collection":[{"href":"https:\/\/www.lo.internetdsl.pl\/index.php?rest_route=\/wp\/v2\/pages"}],"about":[{"href":"https:\/\/www.lo.internetdsl.pl\/index.php?rest_route=\/wp\/v2\/types\/page"}],"author":[{"embeddable":true,"href":"https:\/\/www.lo.internetdsl.pl\/index.php?rest_route=\/wp\/v2\/users\/1"}],"replies":[{"embeddable":true,"href":"https:\/\/www.lo.internetdsl.pl\/index.php?rest_route=%2Fwp%2Fv2%2Fcomments&post=47"}],"version-history":[{"count":0,"href":"https:\/\/www.lo.internetdsl.pl\/index.php?rest_route=\/wp\/v2\/pages\/47\/revisions"}],"wp:attachment":[{"href":"https:\/\/www.lo.internetdsl.pl\/index.php?rest_route=%2Fwp%2Fv2%2Fmedia&parent=47"}],"curies":[{"name":"wp","href":"https:\/\/api.w.org\/{rel}","templated":true}]}}