{"id":35,"date":"2012-10-01T20:34:44","date_gmt":"2012-10-01T18:34:44","guid":{"rendered":"http:\/\/www.lo.internetdsl.pl\/?page_id=35"},"modified":"2025-11-24T09:51:55","modified_gmt":"2025-11-24T08:51:55","slug":"rada-rodzicow","status":"publish","type":"page","link":"https:\/\/www.lo.internetdsl.pl\/?page_id=35","title":{"rendered":"Rada Rodzic\u00f3w"},"content":{"rendered":"<p style=\"text-align: left;\"><strong>Przewodnicz\u0105cy:<\/strong> Piotr Szulc (III E)<\/p>\n<p><strong>Z-ca:<\/strong> Aleksandra Kawka (I B)<\/p>\n<p><strong>Sekretarz:<\/strong> Kinga Gdaniec (III F)<\/p>\n<p><strong>Skarbnik:<\/strong> Gra\u017cyna Ko\u0142odziejczak<\/p>\n<p><strong>Przedstawiciele klas:<\/strong><\/p>\n<ul>\n<li>I &#8211; Aleksandra Kawka<\/li>\n<li>II &#8211; Marcin Szulc<\/li>\n<li>III &#8211; Kinga Gdaniec<\/li>\n<li>IV &#8211; Monika Zimorska (IV B)<\/li>\n<\/ul>\n<p><strong>Komisja rewizyjna:<\/strong><\/p>\n<ul>\n<li>Monika Kurkowska (I D)<\/li>\n<li>Paulina Rybczy\u0144ska (III B)<\/li>\n<li>Wojciech Rajkowski (IV A)<\/li>\n<\/ul>\n<h2>&nbsp;<\/h2>\n<h2><strong>Konto Rady Rodzic\u00f3w:<\/strong><\/h2>\n<h2><strong>Dotyczy FPSZ i RR<\/strong><\/h2>\n<p>Bank Sp\u00f3\u0142dzielczy w Starogardzie Gda\u0144skim<\/p>\n<p>83-200 Starogard Gd.<\/p>\n<p>ul. Rynek 8<\/p>\n<h4>Nr rachunku: <strong>49 8340 0001 0003 9055 2000 0001<\/strong><\/h4>\n<p><strong>&nbsp;<\/strong><\/p>\n<h2><strong>Dotyczy wp\u0142at na studni\u00f3wk\u0119:<\/strong><\/h2>\n<p>Bank Sp\u00f3\u0142dzielczy w Starogardzie Gda\u0144skim<\/p>\n<p>83-200 Starogard Gd.<\/p>\n<p>ul. Rynek 8<\/p>\n<h4>Nr rachunku: <strong>16 8340 0001 2002 0003 9055 0002<\/strong><\/h4>\n","protected":false},"excerpt":{"rendered":"<p>Przewodnicz\u0105cy: Piotr Szulc (III E) Z-ca: Aleksandra Kawka (I B) Sekretarz: Kinga Gdaniec (III F) Skarbnik: Gra\u017cyna Ko\u0142odziejczak Przedstawiciele klas: I &#8211; Aleksandra Kawka II &#8211; Marcin Szulc III &#8211; &hellip; <a href=\"https:\/\/www.lo.internetdsl.pl\/?page_id=35\" class=\"more-link\">Read More<\/a><\/p>\n","protected":false},"author":1,"featured_media":0,"parent":0,"menu_order":0,"comment_status":"open","ping_status":"open","template":"","meta":{"ngg_post_thumbnail":0},"_links":{"self":[{"href":"https:\/\/www.lo.internetdsl.pl\/index.php?rest_route=\/wp\/v2\/pages\/35"}],"collection":[{"href":"https:\/\/www.lo.internetdsl.pl\/index.php?rest_route=\/wp\/v2\/pages"}],"about":[{"href":"https:\/\/www.lo.internetdsl.pl\/index.php?rest_route=\/wp\/v2\/types\/page"}],"author":[{"embeddable":true,"href":"https:\/\/www.lo.internetdsl.pl\/index.php?rest_route=\/wp\/v2\/users\/1"}],"replies":[{"embeddable":true,"href":"https:\/\/www.lo.internetdsl.pl\/index.php?rest_route=%2Fwp%2Fv2%2Fcomments&post=35"}],"version-history":[{"count":0,"href":"https:\/\/www.lo.internetdsl.pl\/index.php?rest_route=\/wp\/v2\/pages\/35\/revisions"}],"wp:attachment":[{"href":"https:\/\/www.lo.internetdsl.pl\/index.php?rest_route=%2Fwp%2Fv2%2Fmedia&parent=35"}],"curies":[{"name":"wp","href":"https:\/\/api.w.org\/{rel}","templated":true}]}}