{"id":31,"date":"2012-10-01T20:34:09","date_gmt":"2012-10-01T18:34:09","guid":{"rendered":"http:\/\/www.lo.internetdsl.pl\/?page_id=31"},"modified":"2012-10-04T22:05:21","modified_gmt":"2012-10-04T20:05:21","slug":"patron","status":"publish","type":"page","link":"https:\/\/www.lo.internetdsl.pl\/?page_id=31","title":{"rendered":"Patron"},"content":{"rendered":"<ul>\n<li><a href=\"https:\/\/www.lo.internetdsl.pl\/dokumenty\/msc1.pdf\">Maria Sk\u0142odowska &#8211; Curie &#8211; \u017cycie i dokonania naukowe 1 (pdf)<\/a><\/li>\n<li><a href=\"https:\/\/www.lo.internetdsl.pl\/dokumenty\/msc2.pdf\">Maria Sk\u0142odowska &#8211; Curie &#8211; \u017cycie i dokonania naukowe 2 (pdf)<\/a><\/li>\n<\/ul>\n","protected":false},"excerpt":{"rendered":"<p>Maria Sk\u0142odowska &#8211; Curie &#8211; \u017cycie i dokonania naukowe 1 (pdf) Maria Sk\u0142odowska &#8211; Curie &#8211; \u017cycie i dokonania naukowe 2 (pdf)<\/p>\n","protected":false},"author":1,"featured_media":0,"parent":0,"menu_order":0,"comment_status":"open","ping_status":"open","template":"","meta":{"ngg_post_thumbnail":0},"_links":{"self":[{"href":"https:\/\/www.lo.internetdsl.pl\/index.php?rest_route=\/wp\/v2\/pages\/31"}],"collection":[{"href":"https:\/\/www.lo.internetdsl.pl\/index.php?rest_route=\/wp\/v2\/pages"}],"about":[{"href":"https:\/\/www.lo.internetdsl.pl\/index.php?rest_route=\/wp\/v2\/types\/page"}],"author":[{"embeddable":true,"href":"https:\/\/www.lo.internetdsl.pl\/index.php?rest_route=\/wp\/v2\/users\/1"}],"replies":[{"embeddable":true,"href":"https:\/\/www.lo.internetdsl.pl\/index.php?rest_route=%2Fwp%2Fv2%2Fcomments&post=31"}],"version-history":[{"count":0,"href":"https:\/\/www.lo.internetdsl.pl\/index.php?rest_route=\/wp\/v2\/pages\/31\/revisions"}],"wp:attachment":[{"href":"https:\/\/www.lo.internetdsl.pl\/index.php?rest_route=%2Fwp%2Fv2%2Fmedia&parent=31"}],"curies":[{"name":"wp","href":"https:\/\/api.w.org\/{rel}","templated":true}]}}