{"id":15002,"date":"2021-11-25T23:42:12","date_gmt":"2021-11-25T22:42:12","guid":{"rendered":"https:\/\/www.lo.internetdsl.pl\/?page_id=15002"},"modified":"2025-12-11T10:55:29","modified_gmt":"2025-12-11T09:55:29","slug":"klauzula-informacyjna","status":"publish","type":"page","link":"https:\/\/www.lo.internetdsl.pl\/?page_id=15002","title":{"rendered":"Klauzula informacyjna"},"content":{"rendered":"\n<p>Klauzula informacyjna<br><br>Szanowni Pa\u0144stwo,<\/p>\n\n\n\n<p>W zwi\u0105zku z Rozporz\u0105dzeniem Parlamentu Europejskiego Rady (UE) 2016\/679 z dnia 27 kwietnia 2016 roku w sprawie ochrony os\u00f3b fizycznych w zwi\u0105zku z przetwarzaniem danych osobowych i w sprawie swobodnego przep\u0142ywu takich danych oraz uchylenia dyrektywy 95\/46\/WE (og\u00f3lne rozporz\u0105dzenie o ochronie danych RODO), spe\u0142niaj\u0105c obowi\u0105zek informacyjny, przekazujemy Pa\u0144stwu poni\u017csze dane:<br><br><strong>Kto jest administratorem Pa\u0144stwa danych osobowych?<\/strong><\/p>\n\n\n\n<p><strong><br><\/strong>Administratorem, czyli podmiotem decyduj\u0105cym o tym, jak b\u0119d\u0105 wykorzystywane Pa\u0144stwa dane osobowe jest I Liceum Og\u00f3lnokszta\u0142c\u0105ce im. Marii Sk\u0142odowskiej \u2013 Curie w Starogardzie Gda\u0144skim z siedzib\u0105 ul. Hallera 34, 83-200 Starogard Gda\u0144ski.<br><br><strong>Jak si\u0119 z nami skontaktowa\u0107, \u017ceby uzyska\u0107 wi\u0119cej informacji o przetwarzaniu Pa\u0144stwa danych osobowych?<\/strong><\/p>\n\n\n\n<p>Je\u017celi chcieliby Pa\u0144stwo zrealizowa\u0107 prawo do pozyskania informacji o tym, jakie dane osobowe przetwarzamy, prosimy o kontakt do wyznaczonego przez nas Inspektora Ochrony Danych pani Anny Dudek pod adres e-mail: iod@adudek.pl lub na adres pocztowy: I Liceum Og\u00f3lnokszta\u0142c\u0105ce, <br>ul. Hallera 34, 83-200 Starogard Gda\u0144ski.<br><br><strong>Jaki jest cel i podstawa prawna przetwarzania Pa\u0144stwa danych osobowych przez I Liceum Og\u00f3lnokszta\u0142c\u0105ce <\/strong><br><strong>im. Marii Sk\u0142odowskiej \u2013 Curie z siedzib\u0105 w Starogardzie Gda\u0144skim<\/strong><\/p>\n\n\n\n<p>Przetwarzamy Pa\u0144stwa dane osobowe, poniewa\u017c jest to niezb\u0119dne do:<br>&#8211; rekrutacji do Szko\u0142y<br>&#8211; realizacji obowi\u0105zku nauki<br>&#8211; przeprowadzania egzaminu maturalnego,<br>&#8211; realizowania zada\u0144 profilaktycznych oraz wspieraj\u0105cych wychowawcz\u0105 i edukacyjn\u0105 funkcj\u0119 Szko\u0142y<br>&#8211; udzielania m\u0142odzie\u017cy pomocy psychologiczno-pedagogicznej<br>&#8211; realizacji statutowych zada\u0144 dydaktyczno-wychowawczych i opieku\u0144czych w Szkole<br>&#8211; promocja dzia\u0142alno\u015bci Szko\u0142y<br>&#8211; rekrutacja na wolne stanowiska pracy<br><br>Podstawy prawne przetwarzania Pa\u0144stwa danych osobowych, to:<br><br>ustawa z dnia 14 grudnia 2016 r. \u2013 Przepisy wprowadzaj\u0105ce ustaw\u0119 \u2013 Prawo o\u015bwiatowe ustawa z dnia 14 grudnia 2016r. Prawo o\u015bwiatowe<\/p>\n\n\n\n<p>ustawa z dnia 7 wrze\u015bnia 1991 r. o systemie o\u015bwiaty<\/p>\n\n\n\n<p>ustawa z dnia 26 stycznia 1982 r. Karta Nauczyciela<\/p>\n\n\n\n<p>ustawa z dnia 15 kwietnia 2011 r. o systemie informacji o\u015bwiatowej<br>ustawa z dnia 26 czerwca 1974 r. Kodeks Pracy<\/p>\n\n\n\n<p>oraz inne przepisy prawa pracy, zabezpieczenia spo\u0142ecznego, ochrony socjalnej, pozosta\u0142e przepisy nak\u0142adaj\u0105ce obowi\u0105zki na Szko\u0142\u0119, zgody i akty wykonawcze do w\/w ustaw.<br><br><strong>Czy podanie danych osobowych przez Pa\u0144stwa jest obowi\u0105zkowe?<br><\/strong><br>Podanie przez Pa\u0144stwa danych osobowych okre\u015blonych przepisami prawa jest obowi\u0105zkowe, aby m\u00f3c wykona\u0107 zadania na\u0142o\u017cone na I Liceum Og\u00f3lnokszta\u0142c\u0105ce z siedzib\u0105 w Starogardzie Gda\u0144skim ul. Hallera 34.<br><br>Ponadto w oparciu o swobodnie i wyra\u017anie wyra\u017con\u0105 zgod\u0119 adekwatn\u0105 do ka\u017cdego celu, b\u0119dziemy przetwarza\u0107 dane osobowe poza zakresem okre\u015blonym w w\/w przepisach.<br><br><strong>Jakie przys\u0142uguj\u0105 Pa\u0144stwu uprawnienia wobec I Liceum Og\u00f3lnokszta\u0142c\u0105cego z siedzib\u0105<br>w Starogardzie Gda\u0144skim ul. Hallera 34 w zakresie przetwarzanych danych?<\/strong><\/p>\n\n\n\n<p>Gwarantujemy spe\u0142nienie Pa\u0144stwa praw wynikaj\u0105cych z og\u00f3lnego rozporz\u0105dzenia o ochronie danych -RODO, tj. ochrony swoich danych osobowych, dost\u0119pu do nich, uzyskania ich kopii, sprostowania, prawo do usuni\u0119cia danych, na kt\u00f3re kandydat wyrazi\u0142 zgod\u0119, prawo ograniczenia ich przetwarzania. Uprawnienia uregulowane s\u0105 w art. 15-23 RODO.<br><br>Maj\u0105 Pa\u0144stwo prawo wnie\u015b\u0107 skarg\u0119 w zwi\u0105zku z przetwarzaniem przez nas Pa\u0144stwa danych<br>osobowych do organu nadzorczego, kt\u00f3rym jest Prezes Urz\u0119du Ochrony Danych Osobowych<br>(adres: Prezes Urz\u0119du Ochrony Danych Osobowych, ul. Moniuszki 1a, 00-014 Warszawa).<br><br><strong>Komu udost\u0119pniamy Pa\u0144stwa dane osobowe?<\/strong><\/p>\n\n\n\n<p>Pa\u0144stwa dane osobowe nie s\u0105 przez nas udost\u0119pniane innym podmiotom, poza sytuacjami<br>uzasadnionymi prawnie na \u017c\u0105danie okre\u015blonych organ\u00f3w oraz gdy nasze zadania realizuj\u0105 podmioty, kt\u00f3re \u015bwiadcz\u0105 nam us\u0142ugi (np. serwis oprogramowania, w kt\u00f3rym przechowujemy Pa\u0144stwa dane).<br><br><strong>Jak d\u0142ugo przechowujemy Pa\u0144stwa dane osobowe?<\/strong><\/p>\n\n\n\n<p>Przechowujemy Pa\u0144stwa dane osobowe przez czas maksymalnie okre\u015blony przepisami dotycz\u0105cymi obowi\u0105zk\u00f3w statystyki i archiwizacji, zgodnie z JRWA.<br>W celu rozliczalno\u015bci tj. udowodnienia przestrzegania przepis\u00f3w dotycz\u0105cych przetwarzania danych osobowych b\u0119dziemy przechowywa\u0107 dane przez okres, w kt\u00f3rym I Liceum Og\u00f3lnokszta\u0142c\u0105ce im. Marii Sk\u0142odowskiej \u2013 Curie <br>z siedzib\u0105 w Starogardzie Gda\u0144skim ul. Hallera 34 jest zobowi\u0105zane do zachowania danych lub dokument\u00f3w <br>je zawieraj\u0105cych dla udokumentowania spe\u0142nienia wymaga\u0144 prawnych i umo\u017cliwienia kontroli ich spe\u0142nienia przez organy publiczne.<\/p>\n\n\n\n<p><strong>Czy przekazujemy Pa\u0144stwa dane do pa\u0144stw spoza Europejskiego Obszaru Gospodarczego?<\/strong><\/p>\n\n\n\n<p>Nie<\/p>\n\n\n\n<p><strong>Czy przetwarzamy Pa\u0144stwa dane osobowe automatycznie (w tym poprzez profilowanie)<br>w spos\u00f3b wp\u0142ywaj\u0105cy na Pa\u0144stwa prawa?<\/strong><\/p>\n\n\n\n<p>Nie<\/p>\n","protected":false},"excerpt":{"rendered":"<p>Klauzula informacyjna Szanowni Pa\u0144stwo, W zwi\u0105zku z Rozporz\u0105dzeniem Parlamentu Europejskiego Rady (UE) 2016\/679 z dnia 27 kwietnia 2016 roku w sprawie ochrony os\u00f3b fizycznych w zwi\u0105zku z przetwarzaniem danych osobowych &hellip; <a href=\"https:\/\/www.lo.internetdsl.pl\/?page_id=15002\" class=\"more-link\">Read More<\/a><\/p>\n","protected":false},"author":1,"featured_media":0,"parent":0,"menu_order":0,"comment_status":"closed","ping_status":"closed","template":"","meta":{"ngg_post_thumbnail":0},"_links":{"self":[{"href":"https:\/\/www.lo.internetdsl.pl\/index.php?rest_route=\/wp\/v2\/pages\/15002"}],"collection":[{"href":"https:\/\/www.lo.internetdsl.pl\/index.php?rest_route=\/wp\/v2\/pages"}],"about":[{"href":"https:\/\/www.lo.internetdsl.pl\/index.php?rest_route=\/wp\/v2\/types\/page"}],"author":[{"embeddable":true,"href":"https:\/\/www.lo.internetdsl.pl\/index.php?rest_route=\/wp\/v2\/users\/1"}],"replies":[{"embeddable":true,"href":"https:\/\/www.lo.internetdsl.pl\/index.php?rest_route=%2Fwp%2Fv2%2Fcomments&post=15002"}],"version-history":[{"count":0,"href":"https:\/\/www.lo.internetdsl.pl\/index.php?rest_route=\/wp\/v2\/pages\/15002\/revisions"}],"wp:attachment":[{"href":"https:\/\/www.lo.internetdsl.pl\/index.php?rest_route=%2Fwp%2Fv2%2Fmedia&parent=15002"}],"curies":[{"name":"wp","href":"https:\/\/api.w.org\/{rel}","templated":true}]}}