{"id":13995,"date":"2020-11-23T17:20:19","date_gmt":"2020-11-23T16:20:19","guid":{"rendered":"http:\/\/www.lo.internetdsl.pl\/?page_id=13995"},"modified":"2021-03-15T20:48:35","modified_gmt":"2021-03-15T19:48:35","slug":"logo-konkurs","status":"publish","type":"page","link":"https:\/\/www.lo.internetdsl.pl\/?page_id=13995","title":{"rendered":"KONKURS ROZWI\u0104ZANY! LOGO &#8211; konkurs!"},"content":{"rendered":"\n<p style=\"text-align:center\"><strong>Logo projektu zosta\u0142o stworzone przez partnera z Grecji &#8211; Gratulacje!<\/strong><img loading=\"lazy\" width=\"565\" height=\"565\" class=\"wp-image-14124\" style=\"width: 150px;\" src=\"https:\/\/www.lo.internetdsl.pl\/wp-content\/uploads\/REACT.png\" alt=\"\" srcset=\"https:\/\/www.lo.internetdsl.pl\/wp-content\/uploads\/REACT.png 565w, https:\/\/www.lo.internetdsl.pl\/wp-content\/uploads\/REACT-300x300.png 300w\" sizes=\"(max-width: 565px) 100vw, 565px\" \/><\/p>\n\n\n\n<p><\/p>\n\n\n\n<p style=\"font-size:18px\">Rozpoczynamy\nrealizacj\u0119 projektu Erasmus+ <\/p>\n\n\n\n<p style=\"font-size:21px\"><strong>REACT! \u2013 Respect Environment and Cherish\nThyself<\/strong><\/p>\n\n\n\n<p style=\"font-size:18px\">Pierwszym zadaniem jest stworzenie loga projektu, kt\u00f3re w prosty, ale chwytliwy spos\u00f3b przeka\u017ce warto\u015bci, nad kt\u00f3rymi b\u0119dziemy w projekcie pracowa\u0107. Najlepsze loga wezm\u0105 udzia\u0142 w konkursie na logo projektu, kt\u00f3re wy\u0142onimy z propozycji wszystkich kraj\u00f3w partnerskich: <\/p>\n\n\n\n<p class=\"has-medium-font-size\"><strong>Polski,<\/strong> <strong>Portugalii, Turcji, Rumunii i Grecji<\/strong>. <\/p>\n\n\n\n<p style=\"font-size:18px\"><span style=\"text-decoration: underline;\">Osoby z najlepszymi propozycjami zaprosimy do udzia\u0142u w bezp\u0142atnym wyje\u017adzie do Portugalii (gdy ju\u017c b\u0119dzie to mo\u017cliwe).<\/span><\/p>\n\n\n\n<p style=\"font-size:23px\"><strong>Cele projektu:<\/strong><\/p>\n\n\n\n<p style=\"font-size:18px\">&#8211; ochrona \u015brodowiska <\/p>\n\n\n\n<p style=\"font-size:18px\">&#8211; zdrowy styl \u017cycia bez u\u017cywek<\/p>\n\n\n\n<p style=\"font-size:18px\">&#8211; uprawianie sportu <\/p>\n\n\n\n<p style=\"font-size:18px\"><strong>Dobre logo:<\/strong><\/p>\n\n\n\n<p style=\"font-size:18px\">&#8211; zawiera ca\u0142\u0105 nazw\u0119 projektu lub tylko akronim,<\/p>\n\n\n\n<p style=\"font-size:18px\">&#8211; nie ma zbyt wielu szczeg\u00f3\u0142\u00f3w (w pomniejszeniu nie b\u0119d\u0105\nwidoczne \/ zlej\u0105 si\u0119),<\/p>\n\n\n\n<p style=\"font-size:18px\">&#8211; ma konkretny kszta\u0142t np. ko\u0142a, owalu, kwadratu lub inny\n(to nie mo\u017ce by\u0107 poczt\u00f3wka),<\/p>\n\n\n\n<p style=\"font-size:18px\">&#8211; w ciekawy, kreatywny, ale prosty spos\u00f3b przeka\u017ce g\u0142\u00f3wne\ncel(e) projektu<\/p>\n\n\n\n<p style=\"font-size:18px\">&#8211; mo\u017ce by\u0107 narysowane\/namalowane i zeskanowane lub utworzone\nw programie graficznym<\/p>\n\n\n\n<p style=\"font-size:18px\">&#8211; NIE ZAWIERA loga Erasmus+<\/p>\n\n\n\n<h2>Prace przesy\u0142a\u0107 przez Teamsy do p. Anny Kowalskiej-Karpa\u0142y (poda\u0107 klas\u0119) do <span style=\"text-decoration: underline;\">04 grudnia 2020<\/span>.<\/h2>\n\n\n\n<p style=\"font-size:18px\"><strong>Przyk\u0142ady z poprzednich projekt\u00f3w (tylko dla inspiracji)<\/strong><\/p>\n\n\n\n<figure class=\"wp-block-image\"><img loading=\"lazy\" width=\"1024\" height=\"1021\" src=\"https:\/\/www.lo.internetdsl.pl\/wp-content\/uploads\/LTEC-circle-1-1024x1021.png\" alt=\"\" class=\"wp-image-13996\" srcset=\"https:\/\/www.lo.internetdsl.pl\/wp-content\/uploads\/LTEC-circle-1-1024x1021.png 1024w, https:\/\/www.lo.internetdsl.pl\/wp-content\/uploads\/LTEC-circle-1-300x300.png 300w, https:\/\/www.lo.internetdsl.pl\/wp-content\/uploads\/LTEC-circle-1-768x766.png 768w, https:\/\/www.lo.internetdsl.pl\/wp-content\/uploads\/LTEC-circle-1.png 1128w\" sizes=\"(max-width: 1024px) 100vw, 1024px\" \/><\/figure>\n\n\n\n<figure class=\"wp-block-image\"><img loading=\"lazy\" width=\"1024\" height=\"999\" src=\"https:\/\/www.lo.internetdsl.pl\/wp-content\/uploads\/Logo-projektu-1-1024x999.jpg\" alt=\"\" class=\"wp-image-13998\" srcset=\"https:\/\/www.lo.internetdsl.pl\/wp-content\/uploads\/Logo-projektu-1-1024x999.jpg 1024w, https:\/\/www.lo.internetdsl.pl\/wp-content\/uploads\/Logo-projektu-1-300x293.jpg 300w, https:\/\/www.lo.internetdsl.pl\/wp-content\/uploads\/Logo-projektu-1-768x749.jpg 768w, https:\/\/www.lo.internetdsl.pl\/wp-content\/uploads\/Logo-projektu-1.jpg 1245w\" sizes=\"(max-width: 1024px) 100vw, 1024px\" \/><\/figure>\n","protected":false},"excerpt":{"rendered":"<p>Logo projektu zosta\u0142o stworzone przez partnera z Grecji &#8211; Gratulacje! Rozpoczynamy realizacj\u0119 projektu Erasmus+ REACT! \u2013 Respect Environment and Cherish Thyself Pierwszym zadaniem jest stworzenie loga projektu, kt\u00f3re w prosty, &hellip; <a href=\"https:\/\/www.lo.internetdsl.pl\/?page_id=13995\" class=\"more-link\">Read More<\/a><\/p>\n","protected":false},"author":2,"featured_media":0,"parent":0,"menu_order":0,"comment_status":"closed","ping_status":"closed","template":"","meta":{"ngg_post_thumbnail":0},"_links":{"self":[{"href":"https:\/\/www.lo.internetdsl.pl\/index.php?rest_route=\/wp\/v2\/pages\/13995"}],"collection":[{"href":"https:\/\/www.lo.internetdsl.pl\/index.php?rest_route=\/wp\/v2\/pages"}],"about":[{"href":"https:\/\/www.lo.internetdsl.pl\/index.php?rest_route=\/wp\/v2\/types\/page"}],"author":[{"embeddable":true,"href":"https:\/\/www.lo.internetdsl.pl\/index.php?rest_route=\/wp\/v2\/users\/2"}],"replies":[{"embeddable":true,"href":"https:\/\/www.lo.internetdsl.pl\/index.php?rest_route=%2Fwp%2Fv2%2Fcomments&post=13995"}],"version-history":[{"count":0,"href":"https:\/\/www.lo.internetdsl.pl\/index.php?rest_route=\/wp\/v2\/pages\/13995\/revisions"}],"wp:attachment":[{"href":"https:\/\/www.lo.internetdsl.pl\/index.php?rest_route=%2Fwp%2Fv2%2Fmedia&parent=13995"}],"curies":[{"name":"wp","href":"https:\/\/api.w.org\/{rel}","templated":true}]}}