{"id":13106,"date":"2019-11-11T21:23:57","date_gmt":"2019-11-11T20:23:57","guid":{"rendered":"http:\/\/www.lo.internetdsl.pl\/?page_id=13106"},"modified":"2019-11-11T22:01:46","modified_gmt":"2019-11-11T21:01:46","slug":"resita-w-rumuni-czyli-chwalimy-sie-bogactwami-naturalnymi-konkurs","status":"publish","type":"page","link":"https:\/\/www.lo.internetdsl.pl\/?page_id=13106","title":{"rendered":"RESITA w RUMUNI, czyli chwalimy si\u0119 BOGACTWAMI NATURALNYMI &#8211; konkurs"},"content":{"rendered":"\n<p>W ramach projektu Erasmus+ <strong>Local Treasures in European Context<\/strong> (<strong>2018-1-RO01-KA229-049304_2<\/strong>) szukamy lokalnych skarb\u00f3w dotycz\u0105cych BOGACTW NATURALNYCH  (np. przyrodniczych, geograficznych), najlepiej z obszaru KOCIEWIA.  Mo\u017cesz r\u00f3wnie\u017c wykorzysta\u0107 do\u015bwiadczenia naukowe przeprowadzane na lekcjach.<\/p>\n\n\n\n<p>Nakr\u0119\u0107 film (max 3 min.) z komentarzem pisemnym lub ustnym w j\u0119zyku angielskim. Film mo\u017ce zawiera\u0107 zdj\u0119cia, wywiady lub inne materia\u0142y.<\/p>\n\n\n\n<h4>Na Wasze prace czekamy do <strong>31 stycznia 20<\/strong>20!<\/h4>\n\n\n\n<p><strong>Autorzy najciekawszych film\u00f3w (uczniowie klas I lub II) wyjad\u0105 w czerwcu do Resity w Rumunii na kolejne ju\u017c spotkanie wszystkich uczestnicz\u0105cych szk\u00f3\u0142.<\/strong><\/p>\n\n\n\n<h4><strong>Koniecznie NA POCZ\u0104TKU filmu umie\u015b\u0107 logo\nprojektu, logo Erasmus+ oraz logo szko\u0142y, nazw\u0119 i numer projektu (wszystko\nznajdziesz w tym po\u015bcie). Loga musz\u0105 mie\u0107 zachowane proporcje, nie mo\u017cna ich\nzniekszta\u0142ca\u0107!<\/strong><\/h4>\n\n\n\n<p> Dodatkowe informacje i prace mo\u017cna zostawia\u0107 u p. Anny Kowalskiej-Karpa\u0142y, p. Agnieszki Megger lub p.Danuty Piontek.<\/p>\n\n\n\n<p><strong>Z\u0142o\u017cenie pracy konkursowej oznacza zgod\u0119 na publikacj\u0119 w mediach spo\u0142eczno\u015bciowych. <\/strong><\/p>\n\n\n\n<figure class=\"wp-block-image\"><img src=\"https:\/\/www.lo.internetdsl.pl\/wp-content\/uploads\/logo-ILO-owal.png\" alt=\"\" class=\"wp-image-11902\"\/><\/figure>\n\n\n\n<figure class=\"wp-block-image\"><img src=\"https:\/\/www.lo.internetdsl.pl\/wp-content\/uploads\/LTEC-circle-1024x1021.png\" alt=\"\" class=\"wp-image-11899\"\/><\/figure>\n\n\n\n<figure class=\"wp-block-image\"><img src=\"https:\/\/www.lo.internetdsl.pl\/wp-content\/uploads\/EU-flag-Erasmus_vect_POS-2-1024x292.jpg\" alt=\"\" class=\"wp-image-11588\"\/><\/figure>\n","protected":false},"excerpt":{"rendered":"<p>W ramach projektu Erasmus+ Local Treasures in European Context (2018-1-RO01-KA229-049304_2) szukamy lokalnych skarb\u00f3w dotycz\u0105cych BOGACTW NATURALNYCH (np. przyrodniczych, geograficznych), najlepiej z obszaru KOCIEWIA. Mo\u017cesz r\u00f3wnie\u017c wykorzysta\u0107 do\u015bwiadczenia naukowe przeprowadzane na &hellip; <a href=\"https:\/\/www.lo.internetdsl.pl\/?page_id=13106\" class=\"more-link\">Read More<\/a><\/p>\n","protected":false},"author":2,"featured_media":0,"parent":0,"menu_order":0,"comment_status":"closed","ping_status":"closed","template":"","meta":{"ngg_post_thumbnail":0},"_links":{"self":[{"href":"https:\/\/www.lo.internetdsl.pl\/index.php?rest_route=\/wp\/v2\/pages\/13106"}],"collection":[{"href":"https:\/\/www.lo.internetdsl.pl\/index.php?rest_route=\/wp\/v2\/pages"}],"about":[{"href":"https:\/\/www.lo.internetdsl.pl\/index.php?rest_route=\/wp\/v2\/types\/page"}],"author":[{"embeddable":true,"href":"https:\/\/www.lo.internetdsl.pl\/index.php?rest_route=\/wp\/v2\/users\/2"}],"replies":[{"embeddable":true,"href":"https:\/\/www.lo.internetdsl.pl\/index.php?rest_route=%2Fwp%2Fv2%2Fcomments&post=13106"}],"version-history":[{"count":0,"href":"https:\/\/www.lo.internetdsl.pl\/index.php?rest_route=\/wp\/v2\/pages\/13106\/revisions"}],"wp:attachment":[{"href":"https:\/\/www.lo.internetdsl.pl\/index.php?rest_route=%2Fwp%2Fv2%2Fmedia&parent=13106"}],"curies":[{"name":"wp","href":"https:\/\/api.w.org\/{rel}","templated":true}]}}