{"id":11585,"date":"2018-10-07T17:06:29","date_gmt":"2018-10-07T15:06:29","guid":{"rendered":"http:\/\/www.lo.internetdsl.pl\/?page_id=11585"},"modified":"2019-01-01T20:25:59","modified_gmt":"2019-01-01T19:25:59","slug":"local-treasures-in-european-context","status":"publish","type":"page","link":"https:\/\/www.lo.internetdsl.pl\/?page_id=11585","title":{"rendered":"Local Treasures in European Context"},"content":{"rendered":"<p><a href=\"https:\/\/www.lo.internetdsl.pl\/wp-content\/uploads\/EU-flag-Erasmus_vect_POS-2.jpg\" rel=\"lightbox[11585]\"><img loading=\"lazy\" class=\"alignnone size-full wp-image-11588\" src=\"https:\/\/www.lo.internetdsl.pl\/wp-content\/uploads\/EU-flag-Erasmus_vect_POS-2.jpg\" alt=\"\" width=\"1964\" height=\"561\"><\/a><\/p>\n<p><a href=\"https:\/\/www.lo.internetdsl.pl\/wp-content\/uploads\/LTEC-circle.png\" rel=\"lightbox[11585]\"><img loading=\"lazy\" class=\"alignnone size-full wp-image-11899\" src=\"https:\/\/www.lo.internetdsl.pl\/wp-content\/uploads\/LTEC-circle.png\" alt=\"\" width=\"1128\" height=\"1125\"><\/a><\/p>\n<p>Najnowszy projekt europejski w naszej szkole to projekt KA229 &#8211; Wsp\u00f3\u0142praca szk\u00f3\u0142: <strong>Local Treasures in European Context<\/strong>, nr projektu&nbsp;<strong>2018-1-RO01-KA229-049304_2<\/strong>.<\/p>\n<p><strong>Nasi partnerzy to: Rumunia (koordynator), W\u0142ochy (Sycylia) oraz Turcja.<\/strong><\/p>\n<p>Przez najbli\u017csze dwa lata wyszukamy i udokumentujemy w filmach lub prezentacjach nasze lokalne skarby w czterech kategoriach:<\/p>\n<p>HISTORIA<\/p>\n<p>TRADYCJE I KUCHNIA<\/p>\n<p>SZTUKA I RZEMIOS\u0141O<\/p>\n<p>BOGACTWA NATURALNE<\/p>\n<p>W projekcie mo\u017ce wzi\u0105\u0107 udzia\u0142 ka\u017cdy z Was! Znajd\u017a w Starogardzie lub innych miejscach skarb (np. miejsce zwi\u0105zane z wydarzeniem historycznym, wydarzenie kulturalne, jarmark, artyst\u0119, miejsce ciekawe pod wzgl\u0119dem przyrodniczym lub geograficznym itp.), wykonaj fotografie, nakr\u0119\u0107 film i zg\u0142o\u015b si\u0119 do jednego z og\u0142oszonych konkurs\u00f3w. Pami\u0119taj, by wszystkie komentarze by\u0142y w j\u0119zyku angielskim.<\/p>\n<p><strong>W filmie NA POCZ\u0104TKU umie\u015b\u0107 powy\u017csze logo ERASMUS+ oraz logo projektu, logo szko\u0142y, nazw\u0119 i numer projektu. Wszystko znajdziesz na tej stronie.<br \/>\n<\/strong><\/p>\n<p>Nagrod\u0105 mo\u017ce by\u0107 wyjazd na zagraniczne spotkanie projektowe!<\/p>\n<p><a href=\"https:\/\/www.lo.internetdsl.pl\/wp-content\/uploads\/logo-ILO-owal.png\" rel=\"lightbox[11585]\"><img loading=\"lazy\" class=\"alignnone size-full wp-image-11902\" src=\"https:\/\/www.lo.internetdsl.pl\/wp-content\/uploads\/logo-ILO-owal.png\" alt=\"\" width=\"300\" height=\"247\"><\/a><\/p>\n<p>&nbsp;<\/p>\n","protected":false},"excerpt":{"rendered":"<p>Najnowszy projekt europejski w naszej szkole to projekt KA229 &#8211; Wsp\u00f3\u0142praca szk\u00f3\u0142: Local Treasures in European Context, nr projektu&nbsp;2018-1-RO01-KA229-049304_2. Nasi partnerzy to: Rumunia (koordynator), W\u0142ochy (Sycylia) oraz Turcja. Przez najbli\u017csze &hellip; <a href=\"https:\/\/www.lo.internetdsl.pl\/?page_id=11585\" class=\"more-link\">Read More<\/a><\/p>\n","protected":false},"author":2,"featured_media":0,"parent":0,"menu_order":0,"comment_status":"closed","ping_status":"closed","template":"","meta":{"ngg_post_thumbnail":0},"_links":{"self":[{"href":"https:\/\/www.lo.internetdsl.pl\/index.php?rest_route=\/wp\/v2\/pages\/11585"}],"collection":[{"href":"https:\/\/www.lo.internetdsl.pl\/index.php?rest_route=\/wp\/v2\/pages"}],"about":[{"href":"https:\/\/www.lo.internetdsl.pl\/index.php?rest_route=\/wp\/v2\/types\/page"}],"author":[{"embeddable":true,"href":"https:\/\/www.lo.internetdsl.pl\/index.php?rest_route=\/wp\/v2\/users\/2"}],"replies":[{"embeddable":true,"href":"https:\/\/www.lo.internetdsl.pl\/index.php?rest_route=%2Fwp%2Fv2%2Fcomments&post=11585"}],"version-history":[{"count":0,"href":"https:\/\/www.lo.internetdsl.pl\/index.php?rest_route=\/wp\/v2\/pages\/11585\/revisions"}],"wp:attachment":[{"href":"https:\/\/www.lo.internetdsl.pl\/index.php?rest_route=%2Fwp%2Fv2%2Fmedia&parent=11585"}],"curies":[{"name":"wp","href":"https:\/\/api.w.org\/{rel}","templated":true}]}}