{"id":10637,"date":"2018-03-15T21:29:56","date_gmt":"2018-03-15T20:29:56","guid":{"rendered":"http:\/\/www.lo.internetdsl.pl\/?page_id=10637"},"modified":"2018-03-15T21:54:58","modified_gmt":"2018-03-15T20:54:58","slug":"raport-smogowy-i-lo","status":"publish","type":"page","link":"https:\/\/www.lo.internetdsl.pl\/?page_id=10637","title":{"rendered":"Raport smogowy I LO"},"content":{"rendered":"<h2>Polski Indeks Jako\u015bci Powietrza.<\/h2>\n<figure id=\"attachment_10650\" aria-describedby=\"caption-attachment-10650\" style=\"width: 620px\" class=\"wp-caption aligncenter\"><a href=\"https:\/\/www.lo.internetdsl.pl\/wp-content\/uploads\/Indeks-Jakosci-Powietrza.jpg\" rel=\"lightbox[10637]\"><img loading=\"lazy\" class=\"wp-image-10650 size-large\" src=\"https:\/\/www.lo.internetdsl.pl\/wp-content\/uploads\/Indeks-Jakosci-Powietrza-979x1024.jpg\" alt=\"Indeks-Jakosci-Powietrza\" width=\"620\" height=\"648\" \/><\/a><figcaption id=\"caption-attachment-10650\" class=\"wp-caption-text\">\u0179r\u00f3d\u0142o: ostrowiecki.eu<\/figcaption><\/figure>\n<h2>Dane z czujnika py\u0142u, kt\u00f3ry znajduje si\u0119 na budynku naszej szko\u0142y (dane aktualizuj\u0105 si\u0119 automatycznie w czasie rzeczywistym).<\/h2>\n<p>&nbsp;<\/p>\n<p><center><iframe loading=\"lazy\" style=\"border: 1px solid #cccccc;\" src=\"https:\/\/thingspeak.com\/channels\/362317\/charts\/1?bgcolor=%23ffffff&amp;color=%23d62020&amp;dynamic=true&amp;results=60&amp;type=line&amp;update=15\" width=\"450\" height=\"260\"><\/iframe><br \/>\n<iframe loading=\"lazy\" style=\"border: 1px solid #cccccc;\" src=\"https:\/\/thingspeak.com\/channels\/362317\/charts\/2?bgcolor=%23ffffff&amp;color=%23d62020&amp;dynamic=true&amp;results=60&amp;type=line&amp;update=15\" width=\"450\" height=\"260\"><\/iframe><br \/>\n<iframe loading=\"lazy\" style=\"border: 1px solid #cccccc;\" src=\"https:\/\/thingspeak.com\/channels\/362317\/charts\/3?bgcolor=%23ffffff&amp;color=%23d62020&amp;dynamic=true&amp;results=60&amp;type=line&amp;update=15\" width=\"450\" height=\"260\"><\/iframe><br \/>\n<iframe loading=\"lazy\" style=\"border: 1px solid #cccccc;\" src=\"https:\/\/thingspeak.com\/channels\/362317\/charts\/4?bgcolor=%23ffffff&amp;color=%23d62020&amp;dynamic=true&amp;results=60&amp;type=line&amp;update=15\" width=\"450\" height=\"260\"><\/iframe><br \/>\n<iframe loading=\"lazy\" style=\"border: 1px solid #cccccc;\" src=\"https:\/\/thingspeak.com\/channels\/362317\/charts\/5?bgcolor=%23ffffff&amp;color=%23d62020&amp;dynamic=true&amp;results=60&amp;type=line&amp;update=15\" width=\"450\" height=\"260\"><\/iframe><br \/>\n<iframe loading=\"lazy\" style=\"border: 1px solid #cccccc;\" src=\"https:\/\/thingspeak.com\/channels\/362317\/charts\/6?bgcolor=%23ffffff&amp;color=%23d62020&amp;dynamic=true&amp;results=60&amp;type=line&amp;update=15\" width=\"450\" height=\"260\"><\/iframe><\/center><\/p>\n<h2>Linki do stron naszych uczni\u00f3w:<\/h2>\n<ul>\n<li><a href=\"http:\/\/smog.mazurkiewicz.me\/index.html\">http:\/\/smog.mazurkiewicz.me\/index.html<\/a><\/li>\n<li><a href=\"https:\/\/www.facebook.com\/zatrzymajmysmog\/\">https:\/\/www.facebook.com\/zatrzymajmysmog\/<\/a><\/li>\n<\/ul>\n","protected":false},"excerpt":{"rendered":"<p>Polski Indeks Jako\u015bci Powietrza. Dane z czujnika py\u0142u, kt\u00f3ry znajduje si\u0119 na budynku naszej szko\u0142y (dane aktualizuj\u0105 si\u0119 automatycznie w czasie rzeczywistym). &nbsp; Linki do stron naszych uczni\u00f3w: http:\/\/smog.mazurkiewicz.me\/index.html https:\/\/www.facebook.com\/zatrzymajmysmog\/<\/p>\n","protected":false},"author":1,"featured_media":0,"parent":0,"menu_order":0,"comment_status":"closed","ping_status":"closed","template":"","meta":{"ngg_post_thumbnail":0},"_links":{"self":[{"href":"https:\/\/www.lo.internetdsl.pl\/index.php?rest_route=\/wp\/v2\/pages\/10637"}],"collection":[{"href":"https:\/\/www.lo.internetdsl.pl\/index.php?rest_route=\/wp\/v2\/pages"}],"about":[{"href":"https:\/\/www.lo.internetdsl.pl\/index.php?rest_route=\/wp\/v2\/types\/page"}],"author":[{"embeddable":true,"href":"https:\/\/www.lo.internetdsl.pl\/index.php?rest_route=\/wp\/v2\/users\/1"}],"replies":[{"embeddable":true,"href":"https:\/\/www.lo.internetdsl.pl\/index.php?rest_route=%2Fwp%2Fv2%2Fcomments&post=10637"}],"version-history":[{"count":0,"href":"https:\/\/www.lo.internetdsl.pl\/index.php?rest_route=\/wp\/v2\/pages\/10637\/revisions"}],"wp:attachment":[{"href":"https:\/\/www.lo.internetdsl.pl\/index.php?rest_route=%2Fwp%2Fv2%2Fmedia&parent=10637"}],"curies":[{"name":"wp","href":"https:\/\/api.w.org\/{rel}","templated":true}]}}